{"id":100,"date":"2019-11-15T14:00:23","date_gmt":"2019-11-15T13:00:23","guid":{"rendered":"http:\/\/appareil-photo-argentique.com\/?page_id=100"},"modified":"2022-10-29T11:53:02","modified_gmt":"2022-10-29T09:53:02","slug":"estimation-et-collections-dappareils","status":"publish","type":"page","link":"https:\/\/appareil-photo-argentique.com\/index.php\/estimation-et-collections-dappareils\/","title":{"rendered":"Estimation et collections d&#8217;appareils"},"content":{"rendered":"\n<figure class=\"wp-block-image\"><img loading=\"lazy\" decoding=\"async\" width=\"1000\" height=\"668\" src=\"http:\/\/appareil-photo-argentique.com\/wp-content\/uploads\/2019\/11\/DSC_4238ret.jpg\" alt=\"\" class=\"wp-image-101\" srcset=\"https:\/\/appareil-photo-argentique.com\/wp-content\/uploads\/2019\/11\/DSC_4238ret.jpg 1000w, https:\/\/appareil-photo-argentique.com\/wp-content\/uploads\/2019\/11\/DSC_4238ret-300x200.jpg 300w, https:\/\/appareil-photo-argentique.com\/wp-content\/uploads\/2019\/11\/DSC_4238ret-768x513.jpg 768w\" sizes=\"auto, (max-width: 706px) 89vw, (max-width: 767px) 82vw, 740px\" \/><figcaption>Boitiers reflex en s\u00e9rie<\/figcaption><\/figure>\n\n\n\n<p>Vous avez h\u00e9rit\u00e9 d&#8217;une collection? Vous avez quelques appareils au fond d&#8217;un placard et vous vous demandez quelle est leur valeur ? <br><br>Nous pouvons vous proposer <strong>une estimation<\/strong> de votre mat\u00e9riel, et <strong>un diagnostic <\/strong>sur leur \u00e9tat de fonctionnement.<br><strong><br>La valeur des appareils photo<\/strong> argentique a bien augment\u00e9 ces derni\u00e8res ann\u00e9es, <a rel=\"noreferrer noopener\" href=\"https:\/\/www.lesnumeriques.com\/developpement-photo\/la-pellicule-revient-en-force-et-kodak-dit-ne-plus-pouvoir-repondre-a-la-demande-n193799.html\" data-type=\"URL\" data-id=\"https:\/\/www.lesnumeriques.com\/developpement-photo\/la-pellicule-revient-en-force-et-kodak-dit-ne-plus-pouvoir-repondre-a-la-demande-n193799.html\" target=\"_blank\">un regain d&#8217;int\u00e9r\u00eat est nettement visible<\/a> sur le medium. Toutefois c&#8217;est en bon \u00e9tat de marche qu&#8217;un appareil conserve toute sa valeur. S&#8217;il sort du placard  apr\u00e8s 30 ans d&#8217;inactivit\u00e9, il y a de fortes chances qu&#8217;il ai besoin d&#8217;une petite r\u00e9vision. <br><br>Mais il y a \u00e9galement<a href=\"https:\/\/www.danstacuve.org\/test-yashica-t5\/\" data-type=\"URL\" data-id=\"https:\/\/www.danstacuve.org\/test-yashica-t5\/\"> des perles rares<\/a>, qui ne paye pas de mine mais que vous regretteriez de laisser filer! Les d\u00e9tours d&#8217;internet survalorisent parfois certains appareils dont la c\u00f4te s&#8217;envole. <strong>Souvent la qualit\u00e9 justifie le prix<\/strong>, mais parfois l&#8217;offre et la demande font que certains mod\u00e8les sp\u00e9cifiques voient leurs prix exploser.<br><br><br>Selon le cas de figure, nous pouvons \u00e9galement vous proposer <strong>une offre<\/strong> pour la reprise de votre mat\u00e9riel.  Nous pouvons \u00e9galement proposer un syst\u00e8me de d\u00e9p\u00f4t-vente au cas par cas.<br><\/p>\n\n\n\n<figure class=\"wp-block-image\"><img loading=\"lazy\" decoding=\"async\" width=\"1000\" height=\"667\" src=\"http:\/\/appareil-photo-argentique.com\/wp-content\/uploads\/2019\/11\/ROLLEI-rec-2tiers.jpg\" alt=\"\" class=\"wp-image-102\" srcset=\"https:\/\/appareil-photo-argentique.com\/wp-content\/uploads\/2019\/11\/ROLLEI-rec-2tiers.jpg 1000w, https:\/\/appareil-photo-argentique.com\/wp-content\/uploads\/2019\/11\/ROLLEI-rec-2tiers-300x200.jpg 300w, https:\/\/appareil-photo-argentique.com\/wp-content\/uploads\/2019\/11\/ROLLEI-rec-2tiers-768x512.jpg 768w\" sizes=\"auto, (max-width: 706px) 89vw, (max-width: 767px) 82vw, 740px\" \/><figcaption>La marque Rolleiflex est plus connue pour ses moyens formats bi-objectifs que pour ses reflex 24&#215;36,<br> ici deux SL 35 E et leurs objectifs en monture QBM.<\/figcaption><\/figure>\n\n\n\n<p><br><br><br><\/p>\n","protected":false},"excerpt":{"rendered":"<p>Vous avez h\u00e9rit\u00e9 d&#8217;une collection? Vous avez quelques appareils au fond d&#8217;un placard et vous vous demandez quelle est leur valeur ? Nous pouvons vous proposer une estimation de votre mat\u00e9riel, et un diagnostic sur leur \u00e9tat de fonctionnement.La valeur des appareils photo argentique a bien augment\u00e9 ces derni\u00e8res ann\u00e9es, un regain d&#8217;int\u00e9r\u00eat est nettement &hellip; <\/p>\n<p class=\"link-more\"><a href=\"https:\/\/appareil-photo-argentique.com\/index.php\/estimation-et-collections-dappareils\/\" class=\"more-link\">Continue reading<span class=\"screen-reader-text\"> &#8220;Estimation et collections d&#8217;appareils&#8221;<\/span><\/a><\/p>\n","protected":false},"author":1,"featured_media":0,"parent":0,"menu_order":0,"comment_status":"closed","ping_status":"closed","template":"","meta":{"footnotes":""},"class_list":["post-100","page","type-page","status-publish","hentry"],"_links":{"self":[{"href":"https:\/\/appareil-photo-argentique.com\/index.php\/wp-json\/wp\/v2\/pages\/100","targetHints":{"allow":["GET"]}}],"collection":[{"href":"https:\/\/appareil-photo-argentique.com\/index.php\/wp-json\/wp\/v2\/pages"}],"about":[{"href":"https:\/\/appareil-photo-argentique.com\/index.php\/wp-json\/wp\/v2\/types\/page"}],"author":[{"embeddable":true,"href":"https:\/\/appareil-photo-argentique.com\/index.php\/wp-json\/wp\/v2\/users\/1"}],"replies":[{"embeddable":true,"href":"https:\/\/appareil-photo-argentique.com\/index.php\/wp-json\/wp\/v2\/comments?post=100"}],"version-history":[{"count":9,"href":"https:\/\/appareil-photo-argentique.com\/index.php\/wp-json\/wp\/v2\/pages\/100\/revisions"}],"predecessor-version":[{"id":194,"href":"https:\/\/appareil-photo-argentique.com\/index.php\/wp-json\/wp\/v2\/pages\/100\/revisions\/194"}],"wp:attachment":[{"href":"https:\/\/appareil-photo-argentique.com\/index.php\/wp-json\/wp\/v2\/media?parent=100"}],"curies":[{"name":"wp","href":"https:\/\/api.w.org\/{rel}","templated":true}]}}