{"id":2,"date":"2019-09-14T16:51:01","date_gmt":"2019-09-14T14:51:01","guid":{"rendered":"http:\/\/appareil-photo-argentique.com\/?page_id=2"},"modified":"2026-04-10T12:53:45","modified_gmt":"2026-04-10T10:53:45","slug":"reparation","status":"publish","type":"page","link":"https:\/\/appareil-photo-argentique.com\/index.php\/reparation\/","title":{"rendered":"Processus de r\u00e9paration"},"content":{"rendered":"\n<p>Les appareils qui entrent \u00e0 l\u2019atelier pour r\u00e9paration ou r\u00e9vision, suivent le processus suivant:<\/p>\n\n\n\n<p><strong>1- Prise de contact par formulaire ou mail.<\/strong> <br>Vous pouvez consulter la liste des appareils soutenus par l&#8217;atelier <a href=\"https:\/\/appareil-photo-argentique.com\/index.php\/appareils-soutenus-par-latelier\/\" data-type=\"link\" data-id=\"https:\/\/appareil-photo-argentique.com\/index.php\/appareils-soutenus-par-latelier\/\">sur cette page<\/a><\/p>\n\n\n\n<p><strong>2-<\/strong> <strong>Vous recevrez<\/strong> alors par mail <strong>la marche \u00e0 suivre<\/strong> pour l&#8217;envoi de votre mat\u00e9riel<\/p>\n\n\n\n<p><strong>3- Nous accuserons r\u00e9ception <\/strong>de votre appareil \u00e0 r\u00e9ception, puis il entrera en attente avant traitement. Les d\u00e9lais approximatifs sont actuellement de<strong> 4 semaines<\/strong>.<\/p>\n\n\n\n<p><strong>4-<\/strong>Nous r\u00e9aliserons un <strong>diagnostic<\/strong> pr\u00e9alable qui vous permet de conna\u00eetre le d\u00e9tail de l&#8217;op\u00e9ration, de comprendre o\u00f9 se situe le probl\u00e8me et quelle est l&#8217;intervention \u00e0 effectuer. <strong>Avec votre accord<\/strong> sur le devis nous passons \u00e0 la <strong>r\u00e9paration<\/strong> de votre appareil. <\/p>\n\n\n\n<p><strong>5- la r\u00e9paration sera effective <\/strong>en g\u00e9n\u00e9ral sous une ou deux semaines apr\u00e8s validation du devis, sauf commande de pi\u00e8ces n\u00e9cessaires ou cas particuliers. Dans ce cas nous vous tiendront inform\u00e9 de la suite des op\u00e9rations. Apr\u00e8s un dernier contre-diagnostic apr\u00e8s r\u00e9paration, votre appareil sera qualifi\u00e9 fonctionnel et vous sera retourn\u00e9 apr\u00e8s r\u00e8glement. <strong>Les actes effectu\u00e9s sont garantis 6 mois.<\/strong><\/p>\n\n\n\n<figure class=\"wp-block-image size-large\"><img loading=\"lazy\" decoding=\"async\" width=\"1024\" height=\"684\" src=\"https:\/\/appareil-photo-argentique.com\/wp-content\/uploads\/2026\/04\/mamiya-RB67-reparation-BD_BEN0281-1024x684.jpg\" alt=\"\" class=\"wp-image-460\" srcset=\"https:\/\/appareil-photo-argentique.com\/wp-content\/uploads\/2026\/04\/mamiya-RB67-reparation-BD_BEN0281-1024x684.jpg 1024w, https:\/\/appareil-photo-argentique.com\/wp-content\/uploads\/2026\/04\/mamiya-RB67-reparation-BD_BEN0281-300x200.jpg 300w, https:\/\/appareil-photo-argentique.com\/wp-content\/uploads\/2026\/04\/mamiya-RB67-reparation-BD_BEN0281-768x513.jpg 768w, https:\/\/appareil-photo-argentique.com\/wp-content\/uploads\/2026\/04\/mamiya-RB67-reparation-BD_BEN0281-1536x1025.jpg 1536w, https:\/\/appareil-photo-argentique.com\/wp-content\/uploads\/2026\/04\/mamiya-RB67-reparation-BD_BEN0281.jpg 2000w\" sizes=\"auto, (max-width: 706px) 89vw, (max-width: 767px) 82vw, 740px\" \/><figcaption class=\"wp-element-caption\">Intervention sur moyen-format Mamiya RB67.<\/figcaption><\/figure>\n\n\n\n<p><\/p>\n\n\n\n<p><br>La qualit\u00e9 de service et <strong>le contact humain<\/strong> avec les photographes sont au c\u0153ur de notre mani\u00e8re de faire. Nous sommes attach\u00e9s \u00e0 vous communiquer les tenants et aboutissants des r\u00e9parations en toute transparence.<\/p>\n\n\n\n<p><br><strong>Entretien d&#8217;un appareil<\/strong> <strong>(50\u20ac)<\/strong><br>Si vous avez besoin d&#8217;entretenir un appareil qui n&#8217;ai pas tourn\u00e9 depuis longtemps, ou si vous avez des doutes quand \u00e0 son bon fonctionnement,  nous pouvons vous proposer un forfait &#8220;entretien&#8221; comprenant les actes suivant :<br><strong>&#8211; Diagnostic <\/strong>complet de l&#8217;appareil sur <strong>17 points<\/strong> de contr\u00f4les,<br>&#8211; Changement des <strong>mousses d&#8217;\u00e9tanch\u00e9it\u00e9 <\/strong>\u00e0 la lumi\u00e8re,<br>&#8211;<strong> Nettoyage<\/strong> externe du bo\u00eetier et de l&#8217;objectif, et du syst\u00e8me de vis\u00e9e<br>&#8211;<strong> Lubrification des m\u00e9canismes<\/strong> facilement accessibles,<br><br><strong>L&#8217;entretien des appareils est effectu\u00e9 en priorit\u00e9 <\/strong>sur les r\u00e9parations plus lourdes. Il est en g\u00e9n\u00e9ral effectu\u00e9 dans la semaine.<br><br><\/p>\n\n\n\n<figure class=\"wp-block-image size-large\"><img loading=\"lazy\" decoding=\"async\" width=\"1024\" height=\"684\" src=\"https:\/\/appareil-photo-argentique.com\/wp-content\/uploads\/2026\/04\/Mamiya-RB67-BD_BEN0330-1024x684.jpg\" alt=\"\" class=\"wp-image-462\" srcset=\"https:\/\/appareil-photo-argentique.com\/wp-content\/uploads\/2026\/04\/Mamiya-RB67-BD_BEN0330-1024x684.jpg 1024w, https:\/\/appareil-photo-argentique.com\/wp-content\/uploads\/2026\/04\/Mamiya-RB67-BD_BEN0330-300x200.jpg 300w, https:\/\/appareil-photo-argentique.com\/wp-content\/uploads\/2026\/04\/Mamiya-RB67-BD_BEN0330-768x513.jpg 768w, https:\/\/appareil-photo-argentique.com\/wp-content\/uploads\/2026\/04\/Mamiya-RB67-BD_BEN0330-1536x1025.jpg 1536w, https:\/\/appareil-photo-argentique.com\/wp-content\/uploads\/2026\/04\/Mamiya-RB67-BD_BEN0330.jpg 2000w\" sizes=\"auto, (max-width: 706px) 89vw, (max-width: 767px) 82vw, 740px\" \/><figcaption class=\"wp-element-caption\">Intervention sur un Mamiya RB 67<\/figcaption><\/figure>\n\n\n\n<p><\/p>\n\n\n\n<figure class=\"wp-block-image size-large\"><img loading=\"lazy\" decoding=\"async\" width=\"1024\" height=\"787\" src=\"http:\/\/appareil-photo-argentique.com\/wp-content\/uploads\/2021\/09\/plan-de-montage-minolta-X300-1024x787.png\" alt=\"Service manual du Minolta X-300\" class=\"wp-image-129\" srcset=\"https:\/\/appareil-photo-argentique.com\/wp-content\/uploads\/2021\/09\/plan-de-montage-minolta-X300-1024x787.png 1024w, https:\/\/appareil-photo-argentique.com\/wp-content\/uploads\/2021\/09\/plan-de-montage-minolta-X300-300x231.png 300w, https:\/\/appareil-photo-argentique.com\/wp-content\/uploads\/2021\/09\/plan-de-montage-minolta-X300-768x590.png 768w, https:\/\/appareil-photo-argentique.com\/wp-content\/uploads\/2021\/09\/plan-de-montage-minolta-X300.png 1080w\" sizes=\"auto, (max-width: 706px) 89vw, (max-width: 767px) 82vw, 740px\" \/><\/figure>\n\n\n\n<p><\/p>\n\n\n\n<p class=\"has-small-font-size\">Le type de r\u00e9parations suivantes sont couramment effectu\u00e9es :<\/p>\n\n\n\n<p class=\"has-small-font-size\">D\u00e9gommage de diaphragme, lubrification et calibrage d&#8217;obturateurs, nettoyage d&#8217;appareil, probl\u00e8me d&#8217;\u00e9lectro-aimant sur Canon AE1, r\u00e9paration des vitesses lentes sur obturateurs centraux Compur ou Copal, entretien et r\u00e9paration d&#8217;obturateurs de chambre 4&#215;5, nettoyage de champignons sur les lentilles des objectifs, mesure des rideaux de l&#8217;obturateur, dos d&#8217;appareils bloqu\u00e9s, probl\u00e8me d&#8217;obturateurs partiellement ouverts ou r\u00e9paration de cellule sur les Minolta CLE, probl\u00e8me de condensateur sur Minolta X, Nikon FM, FE, FE2, FM2, FM3A bloqu\u00e9s, d\u00e9gommage des vitesses lentes sur Leica, r\u00e9glages et calibrages de t\u00e9l\u00e9m\u00e8tres, changement des rideaux sur Leica vissants, probl\u00e8me de miroirs qui ne redescendent pas sur reflex SRT, Pentax, blocage d&#8217;appareils, armements bloqu\u00e9s, nettoyage de la vis\u00e9e, changement des mousses d&#8217;\u00e9tanch\u00e9it\u00e9 \u00e0 la lumi\u00e8re, bande noire sur les photos, probl\u00e8me de condensateurs sur les Minolta X500 \/ X700 \/ XG, Canon &#8220;squeak&#8221; ou &#8220;squeal&#8221; sur les AE-1 ou A1, maintenance et CLA sur Hasselblad 500 C C\/M 501 C C\/M, d\u00e9blocage, r\u00e9vision g\u00e9n\u00e9rale sur les appareils moyen-formats, 645, 6&#215;7, 6&#215;6, Pentax 67 &#8230;<\/p>\n","protected":false},"excerpt":{"rendered":"<p>Les appareils qui entrent \u00e0 l\u2019atelier pour r\u00e9paration ou r\u00e9vision, suivent le processus suivant: 1- Prise de contact par formulaire ou mail. Vous pouvez consulter la liste des appareils soutenus par l&#8217;atelier sur cette page 2- Vous recevrez alors par mail la marche \u00e0 suivre pour l&#8217;envoi de votre mat\u00e9riel 3- Nous accuserons r\u00e9ception de &hellip; <\/p>\n<p class=\"link-more\"><a href=\"https:\/\/appareil-photo-argentique.com\/index.php\/reparation\/\" class=\"more-link\">Continue reading<span class=\"screen-reader-text\"> &#8220;Processus de r\u00e9paration&#8221;<\/span><\/a><\/p>\n","protected":false},"author":1,"featured_media":0,"parent":0,"menu_order":0,"comment_status":"closed","ping_status":"open","template":"","meta":{"footnotes":""},"class_list":["post-2","page","type-page","status-publish","hentry"],"_links":{"self":[{"href":"https:\/\/appareil-photo-argentique.com\/index.php\/wp-json\/wp\/v2\/pages\/2","targetHints":{"allow":["GET"]}}],"collection":[{"href":"https:\/\/appareil-photo-argentique.com\/index.php\/wp-json\/wp\/v2\/pages"}],"about":[{"href":"https:\/\/appareil-photo-argentique.com\/index.php\/wp-json\/wp\/v2\/types\/page"}],"author":[{"embeddable":true,"href":"https:\/\/appareil-photo-argentique.com\/index.php\/wp-json\/wp\/v2\/users\/1"}],"replies":[{"embeddable":true,"href":"https:\/\/appareil-photo-argentique.com\/index.php\/wp-json\/wp\/v2\/comments?post=2"}],"version-history":[{"count":37,"href":"https:\/\/appareil-photo-argentique.com\/index.php\/wp-json\/wp\/v2\/pages\/2\/revisions"}],"predecessor-version":[{"id":464,"href":"https:\/\/appareil-photo-argentique.com\/index.php\/wp-json\/wp\/v2\/pages\/2\/revisions\/464"}],"wp:attachment":[{"href":"https:\/\/appareil-photo-argentique.com\/index.php\/wp-json\/wp\/v2\/media?parent=2"}],"curies":[{"name":"wp","href":"https:\/\/api.w.org\/{rel}","templated":true}]}}