{"id":38,"date":"2019-09-19T14:04:03","date_gmt":"2019-09-19T12:04:03","guid":{"rendered":"http:\/\/appareil-photo-argentique.com\/?page_id=38"},"modified":"2026-04-10T14:57:26","modified_gmt":"2026-04-10T12:57:26","slug":"bienvenue","status":"publish","type":"page","link":"https:\/\/appareil-photo-argentique.com\/","title":{"rendered":"Bienvenue !"},"content":{"rendered":"\n<p><\/p>\n\n\n\n<p class=\"has-drop-cap\"><strong>Appareil-Photo-Argentique<\/strong> est un atelier de r\u00e9paration sp\u00e9cialis\u00e9 dans l&#8217;entretien et la maintenance du patrimoine photographique du XXe si\u00e8cle.<\/p>\n\n\n<div class=\"wp-block-image is-resized\">\n<figure class=\"aligncenter\"><img loading=\"lazy\" decoding=\"async\" width=\"1024\" height=\"512\" src=\"http:\/\/appareil-photo-argentique.com\/wp-content\/uploads\/2019\/09\/appareil-photo-argentique-noir-1024x512.jpg\" alt=\"logo appareil photo argentique\" class=\"wp-image-6\" style=\"width:320px;height:auto\" srcset=\"https:\/\/appareil-photo-argentique.com\/wp-content\/uploads\/2019\/09\/appareil-photo-argentique-noir-1024x512.jpg 1024w, https:\/\/appareil-photo-argentique.com\/wp-content\/uploads\/2019\/09\/appareil-photo-argentique-noir-300x150.jpg 300w, https:\/\/appareil-photo-argentique.com\/wp-content\/uploads\/2019\/09\/appareil-photo-argentique-noir-768x384.jpg 768w, https:\/\/appareil-photo-argentique.com\/wp-content\/uploads\/2019\/09\/appareil-photo-argentique-noir-1568x784.jpg 1568w\" sizes=\"auto, (max-width: 706px) 89vw, (max-width: 767px) 82vw, 740px\" \/><\/figure>\n<\/div>\n\n\n<p class=\"has-drop-cap\">Nous sommes en mesure d&#8217;intervenir sur les appareils photos, <strong>tous formats confondus<\/strong>, d\u00e8s l&#8217;invention de la photographie. Depuis <strong>la chambre grand format<\/strong> d\u00e9di\u00e9e \u00e0 la technique du collodion humide, jusqu&#8217;\u00e0 certains appareils produits dans les ann\u00e9es 2000 tels que le Nikon FM3A, ou le moyen format Bronica RF645.<br>Nous avons une <strong>sp\u00e9cialit\u00e9 forte <\/strong>sur les appareils t\u00e9l\u00e9m\u00e9triques ou \u00e0 vis\u00e9e reflex sortis entre les ann\u00e9es 1960 \u00e0 fin 1980, ainsi que sur les moyen formats de cette \u00e9poque (Voir<a href=\"https:\/\/appareil-photo-argentique.com\/index.php\/appareils-soutenus-par-latelier\/\" data-type=\"page\" data-id=\"418\"> la liste des appareils accept\u00e9s<\/a> pour plus d&#8217;informations).<\/p>\n\n\n\n<figure class=\"wp-block-image size-large\"><img loading=\"lazy\" decoding=\"async\" width=\"1024\" height=\"1024\" src=\"http:\/\/appareil-photo-argentique.com\/wp-content\/uploads\/2021\/09\/reparation-dun-bronica-etrs-1024x1024.jpg\" alt=\"Ouverture du flanc d'un boitier reflex Bronica ETRS pour intervenir sur la m\u00e9canique d'armement et d\u00e9bloquer l'appareil.\" class=\"wp-image-126\" srcset=\"https:\/\/appareil-photo-argentique.com\/wp-content\/uploads\/2021\/09\/reparation-dun-bronica-etrs-1024x1024.jpg 1024w, https:\/\/appareil-photo-argentique.com\/wp-content\/uploads\/2021\/09\/reparation-dun-bronica-etrs-300x300.jpg 300w, https:\/\/appareil-photo-argentique.com\/wp-content\/uploads\/2021\/09\/reparation-dun-bronica-etrs-150x150.jpg 150w, https:\/\/appareil-photo-argentique.com\/wp-content\/uploads\/2021\/09\/reparation-dun-bronica-etrs-768x768.jpg 768w, https:\/\/appareil-photo-argentique.com\/wp-content\/uploads\/2021\/09\/reparation-dun-bronica-etrs-1536x1536.jpg 1536w, https:\/\/appareil-photo-argentique.com\/wp-content\/uploads\/2021\/09\/reparation-dun-bronica-etrs-2048x2048.jpg 2048w, https:\/\/appareil-photo-argentique.com\/wp-content\/uploads\/2021\/09\/reparation-dun-bronica-etrs-100x100.jpg 100w\" sizes=\"auto, (max-width: 706px) 89vw, (max-width: 767px) 82vw, 740px\" \/><figcaption class=\"wp-element-caption\">Ouverture du flanc d&#8217;un boitier reflex Bronica ETRS pour intervenir sur la m\u00e9canique d&#8217;armement et d\u00e9bloquer l&#8217;appareil.<\/figcaption><\/figure>\n\n\n\n<p><\/p>\n\n\n\n<p>Un nombre incalculable de machines vieilles de 30 \u00e0 60 ans tournent encore parfaitement, moyennant une r\u00e9vision ou une r\u00e9paration. <strong>Leur pr\u00e9sence dans les mains des photographes d&#8217;aujourd&#8217;hui t\u00e9moigne de leur durabilit\u00e9.<\/strong> Toutefois ce genre de m\u00e9canique de pr\u00e9cision vieille de 30 \u00e0 60 ans, les range plus du c\u00f4t\u00e9 <strong>du patrimoine<\/strong> que du <strong>bien de consommation.<\/strong> Le stock, bien qu&#8217;\u00e9tant encore abondant sur certains mod\u00e8les, tend inexorablement \u00e0 se r\u00e9duire, et une bonne maintenance est l&#8217;une des <strong>cl\u00e9s de la p\u00e9rennit\u00e9 du medium <\/strong>sur le long terme.<\/p>\n\n\n\n<p>la maintenance de mat\u00e9riel ancien, r\u00e9pond \u00e0 certaines contraintes, que nous d\u00e9taillons sur <a href=\"https:\/\/appareil-photo-argentique.com\/index.php\/problematiques-liees-a-la-maintenance-du-patrimoine-photographique-du-xxe-siecle\/\" data-type=\"page\" data-id=\"416\">cette page<\/a>.<br><\/p>\n\n\n\n<figure class=\"wp-block-image size-large\"><img loading=\"lazy\" decoding=\"async\" width=\"1024\" height=\"815\" src=\"https:\/\/appareil-photo-argentique.com\/wp-content\/uploads\/2026\/04\/Leica-M-disassembly-Black-and-white-6x7-BD-1024x815.jpg\" alt=\"\" class=\"wp-image-466\" srcset=\"https:\/\/appareil-photo-argentique.com\/wp-content\/uploads\/2026\/04\/Leica-M-disassembly-Black-and-white-6x7-BD-1024x815.jpg 1024w, https:\/\/appareil-photo-argentique.com\/wp-content\/uploads\/2026\/04\/Leica-M-disassembly-Black-and-white-6x7-BD-300x239.jpg 300w, https:\/\/appareil-photo-argentique.com\/wp-content\/uploads\/2026\/04\/Leica-M-disassembly-Black-and-white-6x7-BD-768x611.jpg 768w, https:\/\/appareil-photo-argentique.com\/wp-content\/uploads\/2026\/04\/Leica-M-disassembly-Black-and-white-6x7-BD-1536x1223.jpg 1536w, https:\/\/appareil-photo-argentique.com\/wp-content\/uploads\/2026\/04\/Leica-M-disassembly-Black-and-white-6x7-BD.jpg 2000w\" sizes=\"auto, (max-width: 706px) 89vw, (max-width: 767px) 82vw, 740px\" \/><figcaption class=\"wp-element-caption\">Ch\u00e2ssis et t\u00e9l\u00e9m\u00e8tre de Leica M, \nphotographi\u00e9 avec un Mamiya RZ67<\/figcaption><\/figure>\n\n\n\n<p><\/p>\n","protected":false},"excerpt":{"rendered":"<p>Appareil-Photo-Argentique est un atelier de r\u00e9paration sp\u00e9cialis\u00e9 dans l&#8217;entretien et la maintenance du patrimoine photographique du XXe si\u00e8cle. Nous sommes en mesure d&#8217;intervenir sur les appareils photos, tous formats confondus, d\u00e8s l&#8217;invention de la photographie. Depuis la chambre grand format d\u00e9di\u00e9e \u00e0 la technique du collodion humide, jusqu&#8217;\u00e0 certains appareils produits dans les ann\u00e9es 2000 &hellip; <\/p>\n<p class=\"link-more\"><a href=\"https:\/\/appareil-photo-argentique.com\/\" class=\"more-link\">Continue reading<span class=\"screen-reader-text\"> &#8220;Bienvenue !&#8221;<\/span><\/a><\/p>\n","protected":false},"author":1,"featured_media":487,"parent":0,"menu_order":0,"comment_status":"closed","ping_status":"closed","template":"","meta":{"footnotes":""},"class_list":["post-38","page","type-page","status-publish","has-post-thumbnail","hentry"],"_links":{"self":[{"href":"https:\/\/appareil-photo-argentique.com\/index.php\/wp-json\/wp\/v2\/pages\/38","targetHints":{"allow":["GET"]}}],"collection":[{"href":"https:\/\/appareil-photo-argentique.com\/index.php\/wp-json\/wp\/v2\/pages"}],"about":[{"href":"https:\/\/appareil-photo-argentique.com\/index.php\/wp-json\/wp\/v2\/types\/page"}],"author":[{"embeddable":true,"href":"https:\/\/appareil-photo-argentique.com\/index.php\/wp-json\/wp\/v2\/users\/1"}],"replies":[{"embeddable":true,"href":"https:\/\/appareil-photo-argentique.com\/index.php\/wp-json\/wp\/v2\/comments?post=38"}],"version-history":[{"count":21,"href":"https:\/\/appareil-photo-argentique.com\/index.php\/wp-json\/wp\/v2\/pages\/38\/revisions"}],"predecessor-version":[{"id":488,"href":"https:\/\/appareil-photo-argentique.com\/index.php\/wp-json\/wp\/v2\/pages\/38\/revisions\/488"}],"wp:featuredmedia":[{"embeddable":true,"href":"https:\/\/appareil-photo-argentique.com\/index.php\/wp-json\/wp\/v2\/media\/487"}],"wp:attachment":[{"href":"https:\/\/appareil-photo-argentique.com\/index.php\/wp-json\/wp\/v2\/media?parent=38"}],"curies":[{"name":"wp","href":"https:\/\/api.w.org\/{rel}","templated":true}]}}