{"id":418,"date":"2026-04-09T18:14:06","date_gmt":"2026-04-09T16:14:06","guid":{"rendered":"https:\/\/appareil-photo-argentique.com\/?page_id=418"},"modified":"2026-04-09T18:24:08","modified_gmt":"2026-04-09T16:24:08","slug":"appareils-soutenus-par-latelier","status":"publish","type":"page","link":"https:\/\/appareil-photo-argentique.com\/index.php\/appareils-soutenus-par-latelier\/","title":{"rendered":"Appareils soutenus par l&#8217;atelier :"},"content":{"rendered":"\n<p><strong>1\/ Appareils sur lesquels nous intervenons r\u00e9guli\u00e8rement <\/strong>et pour lequel vous pouvez solliciter directement une prise en charge. Les objectifs associ\u00e9s aux appareils mentionn\u00e9s pourront a priori \u00eatre trait\u00e9s<br><br><strong>Grand format<\/strong><br>&#8211; Obturateurs centraux<br>&#8211; Obturateurs focaux (rideaux) de chambres anciennes<\/p>\n\n\n\n<p><strong>Bronica<\/strong><br>&#8211; Bronica S, S2, EC, ECTL<br>&#8211; Bronica 645 ETR, ETRS, ETRSi&#8230;<br>&#8211; Bronica 6&#215;6 SQ, SQAi &#8230;<br><br><strong>Canon :<\/strong><br>&#8211; Canon FT, FTql, FTb, TLb, TLql<br>&#8211; Canon AE1, AE-1 program, A1<br>&#8211; Canon t\u00e9l\u00e9m\u00e8triques \u00e0 monture vissante (LTM \/ M39) II, III, IV, V, VT, VL, VI, VIT, VII (ou 7) , et leurs variantes. <br>&#8211; Canonet 28, QL19, QL17, QL17 GIII<\/p>\n\n\n\n<p><strong>Fuji<\/strong> :<br>&#8211; Fuji GS645, GS645W, GS645S<br>&#8211; Fuji GW et GSW 670, 680 et 690 II et III (grosso modo toutes les variantes de ces &#8220;Texas Leica&#8221;)<br><\/p>\n\n\n\n<p><strong>Hasselblad :<\/strong><br>&#8211; Hasselblad 500 C, 500 C\/M, 501 C, 501 C\/M, 503 CX, 503 CW<\/p>\n\n\n\n<p><strong>Leica : <\/strong><br>&#8211; Leica II, IIc, IIf, IIIa IIIb, IIIc, IIIf, IIIg  \u00e0 monture vissante (LTM \/ M39) Ainsi que les variantes et les copies (Canon, Fed, Zorki, Nicca&#8230;) partageant la m\u00eame monture. <br>&#8211; Leica M (M2, M3, M4, M5, M6, MP)<br>&#8211; Leica CL<br><\/p>\n\n\n\n<p><strong>Mamiya : <\/strong><br>&#8211; Mamiya 645 (non AF)<br>&#8211; Mamiya RB et RZ 67<br><br><br><strong>Minolta :<\/strong><br>&#8211; Minolta SRT (100, 101, 101b, 303 &#8230;)<br>&#8211; Minolta X ( XG1, XG-1, XG-2, XG-M X300, X370, X500, X700)<br>&#8211; Minolta CLE<br><br><strong>Minox<\/strong><br>&#8211; Minox 35<\/p>\n\n\n\n<p><strong>Nikon :<\/strong><br>&#8211; Nikon F, F2, F3<br>&#8211; Nikon FM, FM2, FE, FE2, FM3a<br>&#8211; Nikon FA<br>&#8211; Nikon FG, FG20, EM<br>&#8211; Nikkormat FT, FTn<br><br><br><strong>Olympus :<\/strong><br>&#8211; Olympus OM-1, OM-2<br>&#8211; Olympus 35 RC, DC, SP &#8230;<br>&#8211; Olympus XA, XA1, XA2, XA3<\/p>\n\n\n\n<p><strong>Pentax :<\/strong><br>&#8211; Pentax Spotmatic (SP, et variantes)<br>&#8211; Pentax KX, K1000, KR, MX, LX<br>&#8211; Pentax ME, ME Super, Program A, Super program<br><br>&#8211; Pentax 645<br>&#8211; Pentax 67, 6&#215;7<\/p>\n\n\n\n<p><strong>Rolleiflex<\/strong> :<br>&#8211; Tous les bi-objectifs<br>&#8211; Rollei 35 (et variantes)<br>&#8211; Rollei XF35<\/p>\n\n\n\n<p><strong>Voigtlander<\/strong> :<br>&#8211; Bessa R2, R3, R2a, R3a, T, L et variantes<\/p>\n\n\n\n<p><strong>Yashica :<\/strong><br>&#8211; Yashica Mat 124 G, et autres bi-objectifs de la marque<\/p>\n\n\n\n<p><strong>Zeiss<\/strong> :<br>&#8211; foldings Super Ikonta et variantes<\/p>\n\n\n\n<p><\/p>\n\n\n\n<p><strong>2\/ Appareils que nous pouvons traiter mais pour lesquels la disponibilit\u00e9 des pi\u00e8ces est relative<\/strong>. <br>Nous sommes r\u00e9guli\u00e8rement en mesure de les prendre en charge, toutefois il vaut mieux nous consulter avant l&#8217;entr\u00e9e en stock, pour s&#8217;assurer de la r\u00e9parabilit\u00e9 de ceux-ci.<br><\/p>\n\n\n\n<p><strong>Objectifs r\u00e9cents au cas par cas.<\/strong><\/p>\n\n\n\n<p><strong>Bronica <\/strong><br>&#8211; Bronica GS-1<br>&#8211; Bronica RF645<\/p>\n\n\n\n<p><strong>Fuji<\/strong> :<br>&#8211; Fujica ST et AX s\u00e9ries<br>&#8211; Fuji GF670 \/ GF670W (Voigtlander Bessa III 667W)<\/p>\n\n\n\n<p><strong>Hasselblad<\/strong><br>&#8211; Hasselblad 1000f<br><br><strong>Leica<\/strong><br>&#8211; Leica M7<br><br><strong>Mamiya <\/strong><br>&#8211; Mamiya 6, Mamiya 7<br><br><strong>Minolta<\/strong> :<br>&#8211; Minolta XE s\u00e9rie<br><br><strong>Nikon :<\/strong><br>&#8211; Nikon F4 \/ F5<br>&#8211; Nikon Nikonos<br><br><\/p>\n\n\n\n<p><br><strong>3\/ Appareils non soutenus et que nous ne prenons pas en charge<\/strong><br>&#8211; Compacts et point-and-shoot des ann\u00e9es fin 1980, 1990, 2000<br>&#8211; Reflex autofocus des ann\u00e9es 1990<br><br><\/p>\n","protected":false},"excerpt":{"rendered":"<p>1\/ Appareils sur lesquels nous intervenons r\u00e9guli\u00e8rement et pour lequel vous pouvez solliciter directement une prise en charge. Les objectifs associ\u00e9s aux appareils mentionn\u00e9s pourront a priori \u00eatre trait\u00e9s Grand format&#8211; Obturateurs centraux&#8211; Obturateurs focaux (rideaux) de chambres anciennes Bronica&#8211; Bronica S, S2, EC, ECTL&#8211; Bronica 645 ETR, ETRS, ETRSi&#8230;&#8211; Bronica 6&#215;6 SQ, SQAi &#8230; &hellip; <\/p>\n<p class=\"link-more\"><a href=\"https:\/\/appareil-photo-argentique.com\/index.php\/appareils-soutenus-par-latelier\/\" class=\"more-link\">Continue reading<span class=\"screen-reader-text\"> &#8220;Appareils soutenus par l&#8217;atelier :&#8221;<\/span><\/a><\/p>\n","protected":false},"author":1,"featured_media":0,"parent":0,"menu_order":0,"comment_status":"closed","ping_status":"closed","template":"","meta":{"footnotes":""},"class_list":["post-418","page","type-page","status-publish","hentry"],"_links":{"self":[{"href":"https:\/\/appareil-photo-argentique.com\/index.php\/wp-json\/wp\/v2\/pages\/418","targetHints":{"allow":["GET"]}}],"collection":[{"href":"https:\/\/appareil-photo-argentique.com\/index.php\/wp-json\/wp\/v2\/pages"}],"about":[{"href":"https:\/\/appareil-photo-argentique.com\/index.php\/wp-json\/wp\/v2\/types\/page"}],"author":[{"embeddable":true,"href":"https:\/\/appareil-photo-argentique.com\/index.php\/wp-json\/wp\/v2\/users\/1"}],"replies":[{"embeddable":true,"href":"https:\/\/appareil-photo-argentique.com\/index.php\/wp-json\/wp\/v2\/comments?post=418"}],"version-history":[{"count":10,"href":"https:\/\/appareil-photo-argentique.com\/index.php\/wp-json\/wp\/v2\/pages\/418\/revisions"}],"predecessor-version":[{"id":453,"href":"https:\/\/appareil-photo-argentique.com\/index.php\/wp-json\/wp\/v2\/pages\/418\/revisions\/453"}],"wp:attachment":[{"href":"https:\/\/appareil-photo-argentique.com\/index.php\/wp-json\/wp\/v2\/media?parent=418"}],"curies":[{"name":"wp","href":"https:\/\/api.w.org\/{rel}","templated":true}]}}